{"id":7,"date":"2026-02-02T12:53:32","date_gmt":"2026-02-02T12:53:32","guid":{"rendered":"https:\/\/canaldenuncia.eu\/?page_id=7"},"modified":"2026-02-02T16:07:06","modified_gmt":"2026-02-02T16:07:06","slug":"home","status":"publish","type":"page","link":"https:\/\/canaldenuncia.eu\/","title":{"rendered":"Elementor #7"},"content":{"rendered":"\t\t<div data-elementor-type=\"wp-post\" data-elementor-id=\"7\" class=\"elementor elementor-7\">\n\t\t\t\t<div class=\"elementor-element elementor-element-28c768d e-con-full e-flex e-con e-parent\" data-id=\"28c768d\" data-element_type=\"container\" data-e-type=\"container\" data-settings=\"{&quot;background_background&quot;:&quot;classic&quot;}\">\n\t\t\t\t<div class=\"elementor-element elementor-element-77f9cec elementor-widget elementor-widget-image\" data-id=\"77f9cec\" data-element_type=\"widget\" data-e-type=\"widget\" data-widget_type=\"image.default\">\n\t\t\t\t\t\t\t\t\t\t\t\t\t\t\t<img fetchpriority=\"high\" decoding=\"async\" width=\"2560\" height=\"947\" src=\"https:\/\/canaldenuncia.eu\/wp-content\/uploads\/2026\/02\/banner-wcy-canal-de-denuncias-1-scaled.png\" class=\"attachment-full size-full wp-image-32\" alt=\"\" srcset=\"https:\/\/canaldenuncia.eu\/wp-content\/uploads\/2026\/02\/banner-wcy-canal-de-denuncias-1-scaled.png 2560w, https:\/\/canaldenuncia.eu\/wp-content\/uploads\/2026\/02\/banner-wcy-canal-de-denuncias-1-300x111.png 300w, https:\/\/canaldenuncia.eu\/wp-content\/uploads\/2026\/02\/banner-wcy-canal-de-denuncias-1-1024x379.png 1024w, https:\/\/canaldenuncia.eu\/wp-content\/uploads\/2026\/02\/banner-wcy-canal-de-denuncias-1-768x284.png 768w, https:\/\/canaldenuncia.eu\/wp-content\/uploads\/2026\/02\/banner-wcy-canal-de-denuncias-1-1536x568.png 1536w, https:\/\/canaldenuncia.eu\/wp-content\/uploads\/2026\/02\/banner-wcy-canal-de-denuncias-1-2048x758.png 2048w\" sizes=\"(max-width: 2560px) 100vw, 2560px\" \/>\t\t\t\t\t\t\t\t\t\t\t\t\t\t\t<\/div>\n\t\t<div class=\"elementor-element elementor-element-555a06e e-flex e-con-boxed e-con e-child\" data-id=\"555a06e\" data-element_type=\"container\" data-e-type=\"container\">\n\t\t\t\t\t<div class=\"e-con-inner\">\n\t\t\t\t<div class=\"elementor-element elementor-element-c5d2994 elementor-widget elementor-widget-heading\" data-id=\"c5d2994\" data-element_type=\"widget\" data-e-type=\"widget\" data-widget_type=\"heading.default\">\n\t\t\t\t\t<h2 class=\"elementor-heading-title elementor-size-default\">Evite coimas, proteja a reputa\u00e7\u00e3o   e  promova um ambiente de trabalho \u00e9tico<\/h2>\t\t\t\t<\/div>\n\t\t\t\t\t<\/div>\n\t\t\t\t<\/div>\n\t\t\t\t<div class=\"elementor-element elementor-element-226a3d3 elementor-widget elementor-widget-heading\" data-id=\"226a3d3\" data-element_type=\"widget\" data-e-type=\"widget\" data-widget_type=\"heading.default\">\n\t\t\t\t\t<h2 class=\"elementor-heading-title elementor-size-default\">Canal de Den\u00fancias<\/h2>\t\t\t\t<\/div>\n\t\t\t\t<div class=\"elementor-element elementor-element-8c97e89 elementor-widget-divider--view-line elementor-widget elementor-widget-divider\" data-id=\"8c97e89\" data-element_type=\"widget\" data-e-type=\"widget\" data-widget_type=\"divider.default\">\n\t\t\t\t\t\t\t<div class=\"elementor-divider\">\n\t\t\t<span class=\"elementor-divider-separator\">\n\t\t\t\t\t\t<\/span>\n\t\t<\/div>\n\t\t\t\t\t\t<\/div>\n\t\t<div class=\"elementor-element elementor-element-579c4f9 e-flex e-con-boxed e-con e-child\" data-id=\"579c4f9\" data-element_type=\"container\" data-e-type=\"container\">\n\t\t\t\t\t<div class=\"e-con-inner\">\n\t\t\t\t<div class=\"elementor-element elementor-element-8887989 elementor-widget elementor-widget-text-editor\" data-id=\"8887989\" data-element_type=\"widget\" data-e-type=\"widget\" data-widget_type=\"text-editor.default\">\n\t\t\t\t\t\t\t\t\t<p>Desde 2023, todas as empresas com 50 ou mais colaboradores em Portugal s\u00e3o obrigadas a ter um Canal de Den\u00fancias interno.<br data-start=\"460\" data-end=\"463\" \/>A WeCreateYou oferece-lhe uma solu\u00e7\u00e3o simples, segura e em conformidade com a lei \u2014 para que a sua empresa esteja protegida e a sua equipa confie no processo.<\/p>\t\t\t\t\t\t\t\t<\/div>\n\t\t\t\t\t<\/div>\n\t\t\t\t<\/div>\n\t\t\t\t<div class=\"elementor-element elementor-element-e090e82 elementor-align-center elementor-widget elementor-widget-button\" data-id=\"e090e82\" data-element_type=\"widget\" data-e-type=\"widget\" data-widget_type=\"button.default\">\n\t\t\t\t\t\t\t\t\t\t<a class=\"elementor-button elementor-button-link elementor-size-sm\" href=\"https:\/\/calendly.com\/wecreatyou\/reuniao\">\n\t\t\t\t\t\t<span class=\"elementor-button-content-wrapper\">\n\t\t\t\t\t\t\t\t\t<span class=\"elementor-button-text\">Pe\u00e7a sua demonstra\u00e7\u00e3o gratuita<\/span>\n\t\t\t\t\t<\/span>\n\t\t\t\t\t<\/a>\n\t\t\t\t\t\t\t\t<\/div>\n\t\t\t\t<\/div>\n\t\t<div class=\"elementor-element elementor-element-64d631f e-flex e-con-boxed e-con e-parent\" data-id=\"64d631f\" data-element_type=\"container\" data-e-type=\"container\">\n\t\t\t\t\t<div class=\"e-con-inner\">\n\t\t\t\t<div class=\"elementor-element elementor-element-d6f1b80 elementor-widget elementor-widget-menu-anchor\" data-id=\"d6f1b80\" data-element_type=\"widget\" data-e-type=\"widget\" data-widget_type=\"menu-anchor.default\">\n\t\t\t\t\t\t\t<div class=\"elementor-menu-anchor\" id=\"canal\"><\/div>\n\t\t\t\t\t\t<\/div>\n\t\t\t\t<div class=\"elementor-element elementor-element-c883561 elementor-widget elementor-widget-heading\" data-id=\"c883561\" data-element_type=\"widget\" data-e-type=\"widget\" data-widget_type=\"heading.default\">\n\t\t\t\t\t<h1 class=\"elementor-heading-title elementor-size-default\">PORQU\u00ca TER UM CANAL DE DEN\u00daNCIAS<\/h1>\t\t\t\t<\/div>\n\t\t\t\t<div class=\"elementor-element elementor-element-5675334 elementor-widget elementor-widget-text-editor\" data-id=\"5675334\" data-element_type=\"widget\" data-e-type=\"widget\" data-widget_type=\"text-editor.default\">\n\t\t\t\t\t\t\t\t\t<p data-start=\"754\" data-end=\"805\">Sem este instrumento, a sua empresa arrisca-se a:<\/p><ul data-start=\"806\" data-end=\"1062\"><li data-start=\"806\" data-end=\"879\"><p data-start=\"808\" data-end=\"879\"><strong data-start=\"811\" data-end=\"838\">Coimas e san\u00e7\u00f5es legais<\/strong> \u2014 at\u00e9 5 % do volume de neg\u00f3cios anual.<\/p><\/li><li data-start=\"880\" data-end=\"979\"><p data-start=\"882\" data-end=\"979\"><strong data-start=\"885\" data-end=\"922\">Danos reputacionais irrevers\u00edveis<\/strong> \u2014 perda de clientes, parceiros e confian\u00e7a do mercado.<\/p><\/li><li data-start=\"980\" data-end=\"1062\"><p data-start=\"982\" data-end=\"1062\"><strong data-start=\"985\" data-end=\"1006\">Ambientes t\u00f3xicos<\/strong> \u2014 ass\u00e9dio, discrimina\u00e7\u00e3o ou corrup\u00e7\u00e3o sem tratamento.<\/p><\/li><\/ul>\t\t\t\t\t\t\t\t<\/div>\n\t\t\t\t\t<\/div>\n\t\t\t\t<\/div>\n\t\t<div class=\"elementor-element elementor-element-f670193 e-flex e-con-boxed e-con e-parent\" data-id=\"f670193\" data-element_type=\"container\" data-e-type=\"container\" data-settings=\"{&quot;background_background&quot;:&quot;classic&quot;}\">\n\t\t\t\t\t<div class=\"e-con-inner\">\n\t\t\t\t<div class=\"elementor-element elementor-element-c6254a0 elementor-widget elementor-widget-heading\" data-id=\"c6254a0\" data-element_type=\"widget\" data-e-type=\"widget\" data-widget_type=\"heading.default\">\n\t\t\t\t\t<h1 class=\"elementor-heading-title elementor-size-default\">BENEF\u00cdCIOS IMEDIATOS<\/h1>\t\t\t\t<\/div>\n\t\t\t\t<div class=\"elementor-element elementor-element-e4c9a50 elementor-widget elementor-widget-text-editor\" data-id=\"e4c9a50\" data-element_type=\"widget\" data-e-type=\"widget\" data-widget_type=\"text-editor.default\">\n\t\t\t\t\t\t\t\t\t<p data-start=\"1107\" data-end=\"1199\"><strong data-start=\"1107\" data-end=\"1132\">Prote\u00e7\u00e3o garantida<\/strong><br data-start=\"1132\" data-end=\"1135\" \/>Reporte an\u00f3nimo e seguro, 24\/7, de qualquer conduta irregular.<\/p><p data-start=\"1201\" data-end=\"1299\"><strong data-start=\"1201\" data-end=\"1226\">Conformidade legal<\/strong><br data-start=\"1226\" data-end=\"1229\" \/>Totalmente alinhado com o RGPC e as melhores pr\u00e1ticas de compliance.<\/p><p data-start=\"1301\" data-end=\"1390\"><strong data-start=\"1301\" data-end=\"1328\">Cultura de confian\u00e7a<\/strong><br data-start=\"1328\" data-end=\"1331\" \/>Fortale\u00e7a a transpar\u00eancia interna e o esp\u00edrito de equipa.<\/p>\t\t\t\t\t\t\t\t<\/div>\n\t\t\t\t\t<\/div>\n\t\t\t\t<\/div>\n\t\t<div class=\"elementor-element elementor-element-2451ab0 e-flex e-con-boxed e-con e-parent\" data-id=\"2451ab0\" data-element_type=\"container\" data-e-type=\"container\">\n\t\t\t\t\t<div class=\"e-con-inner\">\n\t\t\t\t<div class=\"elementor-element elementor-element-ca746f0 elementor-widget elementor-widget-heading\" data-id=\"ca746f0\" data-element_type=\"widget\" data-e-type=\"widget\" data-widget_type=\"heading.default\">\n\t\t\t\t\t<h1 class=\"elementor-heading-title elementor-size-default\">A NOSSA SOLU\u00c7\u00c3O WECREATEYOU<\/h1>\t\t\t\t<\/div>\n\t\t\t\t<div class=\"elementor-element elementor-element-fd8c60b elementor-widget elementor-widget-text-editor\" data-id=\"fd8c60b\" data-element_type=\"widget\" data-e-type=\"widget\" data-widget_type=\"text-editor.default\">\n\t\t\t\t\t\t\t\t\t<ul><li data-start=\"1809\" data-end=\"1901\"><p data-start=\"1812\" data-end=\"1901\"><strong data-start=\"1812\" data-end=\"1839\">Ativa\u00e7\u00e3o e configura\u00e7\u00e3o<\/strong> \u2014 adaptamos a plataforma \u00e0s regras e fluxos da sua empresa.<\/p><\/li><li data-start=\"1902\" data-end=\"2000\"><p data-start=\"1905\" data-end=\"2000\"><strong data-start=\"1905\" data-end=\"1922\">Acesso seguro<\/strong> \u2014 colaboradores e terceiros podem reportar anonimamente via link exclusivo.<\/p><\/li><li data-start=\"2001\" data-end=\"2113\"><p data-start=\"2004\" data-end=\"2113\"><strong data-start=\"2004\" data-end=\"2029\">Gest\u00e3o e investiga\u00e7\u00e3o<\/strong> \u2014 respons\u00e1veis internos recebem, analisam e tratam os casos num painel protegido.<\/p><\/li><li data-start=\"2114\" data-end=\"2205\"><p data-start=\"2117\" data-end=\"2205\"><strong data-start=\"2117\" data-end=\"2146\">Relat\u00f3rios e conformidade<\/strong> \u2014 registos e documenta\u00e7\u00e3o sempre prontos para auditoria.<\/p><\/li><\/ul>\t\t\t\t\t\t\t\t<\/div>\n\t\t\t\t\t<\/div>\n\t\t\t\t<\/div>\n\t\t<div class=\"elementor-element elementor-element-b15a11e elementor-hidden-desktop elementor-hidden-tablet elementor-hidden-mobile e-flex e-con-boxed e-con e-parent\" data-id=\"b15a11e\" data-element_type=\"container\" data-e-type=\"container\" data-settings=\"{&quot;background_background&quot;:&quot;classic&quot;}\">\n\t\t\t\t\t<div class=\"e-con-inner\">\n\t\t\t\t<div class=\"elementor-element elementor-element-3f8185b elementor-widget elementor-widget-heading\" data-id=\"3f8185b\" data-element_type=\"widget\" data-e-type=\"widget\" data-widget_type=\"heading.default\">\n\t\t\t\t\t<h1 class=\"elementor-heading-title elementor-size-default\">COMO FUNCIONA<\/h1>\t\t\t\t<\/div>\n\t\t\t\t<div class=\"elementor-element elementor-element-93267e3 elementor-widget elementor-widget-text-editor\" data-id=\"93267e3\" data-element_type=\"widget\" data-e-type=\"widget\" data-widget_type=\"text-editor.default\">\n\t\t\t\t\t\t\t\t\t<p data-start=\"1107\" data-end=\"1199\"><strong data-start=\"1107\" data-end=\"1132\">Prote\u00e7\u00e3o garantida<\/strong><br data-start=\"1132\" data-end=\"1135\" \/>Reporte an\u00f3nimo e seguro, 24\/7, de qualquer conduta irregular.<\/p><p data-start=\"1201\" data-end=\"1299\"><strong data-start=\"1201\" data-end=\"1226\">Conformidade legal<\/strong><br data-start=\"1226\" data-end=\"1229\" \/>Totalmente alinhado com o RGPC e as melhores pr\u00e1ticas de compliance.<\/p><p data-start=\"1301\" data-end=\"1390\"><strong data-start=\"1301\" data-end=\"1328\">Cultura de confian\u00e7a<\/strong><br data-start=\"1328\" data-end=\"1331\" \/>Fortale\u00e7a a transpar\u00eancia interna e o esp\u00edrito de equipa.<\/p>\t\t\t\t\t\t\t\t<\/div>\n\t\t\t\t\t<\/div>\n\t\t\t\t<\/div>\n\t\t<div class=\"elementor-element elementor-element-0c44006 e-flex e-con-boxed e-con e-parent\" data-id=\"0c44006\" data-element_type=\"container\" data-e-type=\"container\">\n\t\t\t\t\t<div class=\"e-con-inner\">\n\t\t<div class=\"elementor-element elementor-element-e6e8266 e-con-full e-flex e-con e-child\" data-id=\"e6e8266\" data-element_type=\"container\" data-e-type=\"container\" data-settings=\"{&quot;background_background&quot;:&quot;classic&quot;}\">\n\t\t\t\t<div class=\"elementor-element elementor-element-da3fe3f elementor-widget elementor-widget-heading\" data-id=\"da3fe3f\" data-element_type=\"widget\" data-e-type=\"widget\" data-widget_type=\"heading.default\">\n\t\t\t\t\t<h1 class=\"elementor-heading-title elementor-size-default\">N\u00e3o espere uma den\u00fancia p\u00fablica para agir.\nGaranta hoje a seguran\u00e7a e serenidade de todos.<\/h1>\t\t\t\t<\/div>\n\t\t\t\t<div class=\"elementor-element elementor-element-6e25b90 elementor-align-center elementor-widget elementor-widget-button\" data-id=\"6e25b90\" data-element_type=\"widget\" data-e-type=\"widget\" data-widget_type=\"button.default\">\n\t\t\t\t\t\t\t\t\t\t<a class=\"elementor-button elementor-button-link elementor-size-sm\" href=\"https:\/\/calendly.com\/wecreatyou\/reuniao\">\n\t\t\t\t\t\t<span class=\"elementor-button-content-wrapper\">\n\t\t\t\t\t\t\t\t\t<span class=\"elementor-button-text\">Pe\u00e7a sua demonstra\u00e7\u00e3o gratuita<\/span>\n\t\t\t\t\t<\/span>\n\t\t\t\t\t<\/a>\n\t\t\t\t\t\t\t\t<\/div>\n\t\t\t\t<\/div>\n\t\t\t\t\t<\/div>\n\t\t\t\t<\/div>\n\t\t<div class=\"elementor-element elementor-element-f75bddf e-flex e-con-boxed e-con e-parent\" data-id=\"f75bddf\" data-element_type=\"container\" data-e-type=\"container\">\n\t\t\t\t\t<div class=\"e-con-inner\">\n\t\t\t\t<div class=\"elementor-element elementor-element-1a724f4 elementor-widget-divider--view-line elementor-widget elementor-widget-divider\" data-id=\"1a724f4\" data-element_type=\"widget\" data-e-type=\"widget\" data-widget_type=\"divider.default\">\n\t\t\t\t\t\t\t<div class=\"elementor-divider\">\n\t\t\t<span class=\"elementor-divider-separator\">\n\t\t\t\t\t\t<\/span>\n\t\t<\/div>\n\t\t\t\t\t\t<\/div>\n\t\t\t\t\t<\/div>\n\t\t\t\t<\/div>\n\t\t<div class=\"elementor-element elementor-element-992ea5b e-flex e-con-boxed e-con e-parent\" data-id=\"992ea5b\" data-element_type=\"container\" data-e-type=\"container\">\n\t\t\t\t\t<div class=\"e-con-inner\">\n\t\t\t\t<div class=\"elementor-element elementor-element-5fae903 elementor-widget elementor-widget-menu-anchor\" data-id=\"5fae903\" data-element_type=\"widget\" data-e-type=\"widget\" data-widget_type=\"menu-anchor.default\">\n\t\t\t\t\t\t\t<div class=\"elementor-menu-anchor\" id=\"contato\"><\/div>\n\t\t\t\t\t\t<\/div>\n\t\t\t\t<div class=\"elementor-element elementor-element-1331913 elementor-widget elementor-widget-heading\" data-id=\"1331913\" data-element_type=\"widget\" data-e-type=\"widget\" data-widget_type=\"heading.default\">\n\t\t\t\t\t<h2 class=\"elementor-heading-title elementor-size-default\">Ficou interessado? Contacte-nos<\/h2>\t\t\t\t<\/div>\n\t\t\t\t<div class=\"elementor-element elementor-element-3e8d708 elementor-widget elementor-widget-shortcode\" data-id=\"3e8d708\" data-element_type=\"widget\" data-e-type=\"widget\" data-widget_type=\"shortcode.default\">\n\t\t\t\t\t\t\t<div class=\"elementor-shortcode\"><div class=\"forminator-ui forminator-custom-form forminator-custom-form-38 forminator-design--material  forminator_ajax\" data-forminator-render=\"0\" data-form=\"forminator-module-38\" data-uid=\"69d386849ea59\"><br\/><\/div><form\n\t\t\t\tid=\"forminator-module-38\"\n\t\t\t\tclass=\"forminator-ui forminator-custom-form forminator-custom-form-38 forminator-design--material  forminator_ajax\"\n\t\t\t\tmethod=\"post\"\n\t\t\t\tdata-forminator-render=\"0\"\n\t\t\t\tdata-form-id=\"38\"\n\t\t\t\t data-color-option=\"theme\" data-design=\"material\" data-grid=\"open\" style=\"display: none;\"\n\t\t\t\tdata-uid=\"69d386849ea59\"\n\t\t\t><div role=\"alert\" aria-live=\"polite\" class=\"forminator-response-message forminator-error\" aria-hidden=\"true\"><\/div><div class=\"forminator-row\"><div id=\"name-1\" class=\"forminator-field-name forminator-col forminator-col-12 \"><div class=\"forminator-row forminator-no-margin\" data-multiple=\"true\"><div class=\"forminator-col forminator-col-md-6\"><div class=\"forminator-field\"><label for=\"forminator-field-first-name-1_69d386849ea59\" id=\"forminator-field-first-name-1_69d386849ea59-label\" class=\"forminator-label\">Primeiro nome <span class=\"forminator-required\">*<\/span><\/label><input type=\"text\" name=\"name-1-first-name\" placeholder=\"\" id=\"forminator-field-first-name-1_69d386849ea59\" class=\"forminator-input\" aria-required=\"true\" data-multi=\"1\" autocomplete=\"given-name\" value=\"\" \/><\/div><\/div><div class=\"forminator-col forminator-col-md-6\"><div class=\"forminator-field\"><label for=\"forminator-field-last-name-1_69d386849ea59\" id=\"forminator-field-last-name-1_69d386849ea59-label\" class=\"forminator-label\">\u00daltimo nome<\/label><input type=\"text\" name=\"name-1-last-name\" placeholder=\"\" id=\"forminator-field-last-name-1_69d386849ea59\" class=\"forminator-input\" aria-required=\"false\" data-multi=\"1\" autocomplete=\"family-name\" value=\"\" \/><\/div><\/div><\/div><\/div><\/div><div class=\"forminator-row\"><div id=\"email-1\" class=\"forminator-field-email forminator-col forminator-col-6 \"><div class=\"forminator-field\"><label for=\"forminator-field-email-1_69d386849ea59\" id=\"forminator-field-email-1_69d386849ea59-label\" class=\"forminator-label\">Endere\u00e7o de Email <span class=\"forminator-required\">*<\/span><\/label><input type=\"email\" name=\"email-1\" value=\"\" placeholder=\"\" id=\"forminator-field-email-1_69d386849ea59\" class=\"forminator-input forminator-email--field\" data-required=\"true\" aria-required=\"true\" autocomplete=\"email\" \/><\/div><\/div><div id=\"phone-1\" class=\"forminator-field-phone forminator-col forminator-col-6 \"><div class=\"forminator-field\"><label for=\"forminator-field-phone-1_69d386849ea59\" id=\"forminator-field-phone-1_69d386849ea59-label\" class=\"forminator-label\">Telefone <span class=\"forminator-required\">*<\/span><\/label><input type=\"text\" name=\"phone-1\" value=\"\" placeholder=\"\" id=\"forminator-field-phone-1_69d386849ea59\" class=\"forminator-input forminator-field--phone\" data-required=\"1\" aria-required=\"true\" autocomplete=\"off\" \/><\/div><\/div><\/div><div class=\"forminator-row\"><div id=\"textarea-1\" class=\"forminator-field-textarea forminator-col forminator-col-12 \"><div class=\"forminator-field\"><label for=\"forminator-field-textarea-1_69d386849ea59\" id=\"forminator-field-textarea-1_69d386849ea59-label\" class=\"forminator-label\">Mensagem <span class=\"forminator-required\">*<\/span><\/label><span id=\"forminator-field-textarea-1_69d386849ea59-description\" class=\"forminator-description\"><span data-limit=\"180\" data-type=\"characters\" data-editor=\"\">0 \/ 180<\/span><\/span><textarea name=\"textarea-1\" placeholder=\"\" id=\"forminator-field-textarea-1_69d386849ea59\" class=\"forminator-textarea\" rows=\"6\" style=\"min-height:140px;\" maxlength=\"180\" ><\/textarea><\/div><\/div><\/div><input type=\"hidden\" name=\"referer_url\" value=\"\" \/><div class=\"forminator-row forminator-row-last\"><div class=\"forminator-col\"><div class=\"forminator-field\"><button class=\"forminator-button forminator-button-submit botao_submissao\"><span>Enviar<\/span><span aria-hidden=\"true\"><\/span><\/button><\/div><\/div><\/div><input type=\"hidden\" id=\"forminator_nonce\" name=\"forminator_nonce\" value=\"61a3a9463b\" \/><input type=\"hidden\" name=\"_wp_http_referer\" value=\"\/index.php\/wp-json\/wp\/v2\/pages\/7\" \/><input type=\"hidden\" name=\"form_id\" value=\"38\"><input type=\"hidden\" name=\"page_id\" value=\"7\"><input type=\"hidden\" name=\"form_type\" value=\"default\"><input type=\"hidden\" name=\"current_url\" value=\"https:\/\/canaldenuncia.eu\/\"><input type=\"hidden\" name=\"render_id\" value=\"0\"><input type=\"hidden\" name=\"action\" value=\"forminator_submit_form_custom-forms\"><\/form><\/div>\n\t\t\t\t\t\t<\/div>\n\t\t\t\t<div class=\"elementor-element elementor-element-e7f03db elementor-widget elementor-widget-html\" data-id=\"e7f03db\" data-element_type=\"widget\" data-e-type=\"widget\" data-widget_type=\"html.default\">\n\t\t\t\t\t<style>\n    .botao_submissao {\n        color: rgb(53, 14, 52);\n    }\n    \n    .botao_submissao:hover, .botao_submissao:focus {\n        background-color: rgb(53, 14, 52);\n        color: #fff;\n        \n    }\n<\/style>\t\t\t\t<\/div>\n\t\t\t\t\t<\/div>\n\t\t\t\t<\/div>\n\t\t\t\t<\/div>\n\t\t","protected":false},"excerpt":{"rendered":"<p>Evite coimas, proteja a reputa\u00e7\u00e3o e promova um ambiente de trabalho \u00e9tico Canal de Den\u00fancias Desde 2023, todas as empresas com 50 ou mais colaboradores em Portugal s\u00e3o obrigadas a ter um Canal de Den\u00fancias interno.A WeCreateYou oferece-lhe uma solu\u00e7\u00e3o simples, segura e em conformidade com a lei \u2014 para que a sua empresa esteja [&hellip;]<\/p>\n","protected":false},"author":1,"featured_media":0,"parent":0,"menu_order":0,"comment_status":"closed","ping_status":"closed","template":"elementor_header_footer","meta":{"_eb_attr":"","footnotes":""},"class_list":["post-7","page","type-page","status-publish","hentry"],"_links":{"self":[{"href":"https:\/\/canaldenuncia.eu\/index.php\/wp-json\/wp\/v2\/pages\/7","targetHints":{"allow":["GET"]}}],"collection":[{"href":"https:\/\/canaldenuncia.eu\/index.php\/wp-json\/wp\/v2\/pages"}],"about":[{"href":"https:\/\/canaldenuncia.eu\/index.php\/wp-json\/wp\/v2\/types\/page"}],"author":[{"embeddable":true,"href":"https:\/\/canaldenuncia.eu\/index.php\/wp-json\/wp\/v2\/users\/1"}],"replies":[{"embeddable":true,"href":"https:\/\/canaldenuncia.eu\/index.php\/wp-json\/wp\/v2\/comments?post=7"}],"version-history":[{"count":14,"href":"https:\/\/canaldenuncia.eu\/index.php\/wp-json\/wp\/v2\/pages\/7\/revisions"}],"predecessor-version":[{"id":66,"href":"https:\/\/canaldenuncia.eu\/index.php\/wp-json\/wp\/v2\/pages\/7\/revisions\/66"}],"wp:attachment":[{"href":"https:\/\/canaldenuncia.eu\/index.php\/wp-json\/wp\/v2\/media?parent=7"}],"curies":[{"name":"wp","href":"https:\/\/api.w.org\/{rel}","templated":true}]}}